{"id":6560,"date":"2024-04-17T22:57:41","date_gmt":"2024-04-17T20:57:41","guid":{"rendered":"https:\/\/www.ziegler-erden.de\/?page_id=6560"},"modified":"2026-04-21T14:03:31","modified_gmt":"2026-04-21T12:03:31","slug":"recycling","status":"publish","type":"page","link":"https:\/\/www.ziegler-erden.de\/en\/ueber-uns\/nachhaltigkeit\/recycling\/","title":{"rendered":"(DE) Recycling"},"content":{"rendered":"","protected":false},"excerpt":{"rendered":"","protected":false},"author":2,"featured_media":0,"parent":35,"menu_order":0,"comment_status":"closed","ping_status":"closed","template":"page-standard.php","meta":[],"yoast_head":"<!-- This site is optimized with the Yoast SEO plugin v15.6.2 - https:\/\/yoast.com\/wordpress\/plugins\/seo\/ -->\n<meta name=\"description\" content=\"Wir legen gro\u00dfen Wert auf geringste Umweltbelastung unserer Produkte. Deshalb verwenden wir f\u00fcr unsere Verpackungen ausschlie\u00dflich hochgradig recyclingf\u00e4hige Kunststoffe. Erfahre Sie mehr \u00fcber die Reduzierung von Ressourcen.\" \/>\n<meta name=\"robots\" content=\"noindex, nofollow\" \/>\n<meta property=\"og:locale\" content=\"en_US\" \/>\n<meta property=\"og:type\" content=\"article\" \/>\n<meta property=\"og:title\" content=\"(DE) Ziegler-Erden - Recycling\" \/>\n<meta property=\"og:description\" content=\"Wir legen gro\u00dfen Wert auf geringste Umweltbelastung unserer Produkte. Deshalb verwenden wir f\u00fcr unsere Verpackungen ausschlie\u00dflich hochgradig recyclingf\u00e4hige Kunststoffe. Erfahre Sie mehr \u00fcber die Reduzierung von Ressourcen.\" \/>\n<meta property=\"og:url\" content=\"https:\/\/www.ziegler-erden.de\/ueber-uns\/nachhaltigkeit\/recycling\/\" \/>\n<meta property=\"og:site_name\" content=\"Ziegler-Erden\" \/>\n<meta property=\"article:modified_time\" content=\"2026-04-21T12:03:31+00:00\" \/>\n<meta name=\"twitter:card\" content=\"summary\" \/>\n<script type=\"application\/ld+json\" class=\"yoast-schema-graph\">{\"@context\":\"https:\/\/schema.org\",\"@graph\":[{\"@type\":\"WebSite\",\"@id\":\"https:\/\/www.ziegler-erden.de\/#website\",\"url\":\"https:\/\/www.ziegler-erden.de\/\",\"name\":\"Ziegler-Erden\",\"description\":\"Blumenerde, D\\u00fcnger und Brennstoffe.\",\"potentialAction\":[{\"@type\":\"SearchAction\",\"target\":\"https:\/\/www.ziegler-erden.de\/?s={search_term_string}\",\"query-input\":\"required name=search_term_string\"}],\"inLanguage\":\"en-US\"},{\"@type\":\"WebPage\",\"@id\":\"https:\/\/www.ziegler-erden.de\/ueber-uns\/nachhaltigkeit\/recycling\/#webpage\",\"url\":\"https:\/\/www.ziegler-erden.de\/ueber-uns\/nachhaltigkeit\/recycling\/\",\"name\":\"Ziegler-Erden - [:de]Recycling[:]\",\"isPartOf\":{\"@id\":\"https:\/\/www.ziegler-erden.de\/#website\"},\"datePublished\":\"2024-04-17T20:57:41+00:00\",\"dateModified\":\"2026-04-21T12:03:31+00:00\",\"description\":\"Wir legen gro\\u00dfen Wert auf geringste Umweltbelastung unserer Produkte. Deshalb verwenden wir f\\u00fcr unsere Verpackungen ausschlie\\u00dflich hochgradig recyclingf\\u00e4hige Kunststoffe. Erfahre Sie mehr \\u00fcber die Reduzierung von Ressourcen.\",\"inLanguage\":\"en-US\",\"potentialAction\":[{\"@type\":\"ReadAction\",\"target\":[\"https:\/\/www.ziegler-erden.de\/ueber-uns\/nachhaltigkeit\/recycling\/\"]}]}]}<\/script>\n<!-- \/ Yoast SEO plugin. -->","_links":{"self":[{"href":"https:\/\/www.ziegler-erden.de\/en\/wp-json\/wp\/v2\/pages\/6560"}],"collection":[{"href":"https:\/\/www.ziegler-erden.de\/en\/wp-json\/wp\/v2\/pages"}],"about":[{"href":"https:\/\/www.ziegler-erden.de\/en\/wp-json\/wp\/v2\/types\/page"}],"author":[{"embeddable":true,"href":"https:\/\/www.ziegler-erden.de\/en\/wp-json\/wp\/v2\/users\/2"}],"replies":[{"embeddable":true,"href":"https:\/\/www.ziegler-erden.de\/en\/wp-json\/wp\/v2\/comments?post=6560"}],"version-history":[{"count":166,"href":"https:\/\/www.ziegler-erden.de\/en\/wp-json\/wp\/v2\/pages\/6560\/revisions"}],"predecessor-version":[{"id":7480,"href":"https:\/\/www.ziegler-erden.de\/en\/wp-json\/wp\/v2\/pages\/6560\/revisions\/7480"}],"up":[{"embeddable":true,"href":"https:\/\/www.ziegler-erden.de\/en\/wp-json\/wp\/v2\/pages\/35"}],"wp:attachment":[{"href":"https:\/\/www.ziegler-erden.de\/en\/wp-json\/wp\/v2\/media?parent=6560"}],"curies":[{"name":"wp","href":"https:\/\/api.w.org\/{rel}","templated":true}]}}