{"id":33,"date":"2016-08-09T11:00:33","date_gmt":"2016-08-09T09:00:33","guid":{"rendered":"http:\/\/localhost\/ziegler_erden\/zieglererden_relaunch_2016\/wp\/?page_id=33"},"modified":"2026-02-19T12:55:10","modified_gmt":"2026-02-19T11:55:10","slug":"philosophie","status":"publish","type":"page","link":"https:\/\/www.ziegler-erden.de\/it\/ueber-uns\/philosophie\/","title":{"rendered":"Filosofia"},"content":{"rendered":"","protected":false},"excerpt":{"rendered":"","protected":false},"author":2,"featured_media":0,"parent":26,"menu_order":2,"comment_status":"closed","ping_status":"closed","template":"page-standard.php","meta":[],"yoast_head":"<!-- This site is optimized with the Yoast SEO plugin v15.6.2 - https:\/\/yoast.com\/wordpress\/plugins\/seo\/ -->\n<meta name=\"description\" content=\"(DE) Ziegler Erden steht f\u00fcr Nachhaltigkeit, Teamwork und Qualit\u00e4t. Erfahren Sie mehr \u00fcber unsere Philosophie, wof\u00fcr wir stehen und woran wir glauben.\" \/>\n<meta name=\"robots\" content=\"index, follow, max-snippet:-1, max-image-preview:large, max-video-preview:-1\" \/>\n<link rel=\"canonical\" href=\"https:\/\/www.ziegler-erden.de\/ueber-uns\/philosophie\/\" \/>\n<meta property=\"og:locale\" content=\"it_IT\" \/>\n<meta property=\"og:type\" content=\"article\" \/>\n<meta property=\"og:title\" content=\"Ziegler Erden - Filosofia\" \/>\n<meta property=\"og:description\" content=\"(DE) Ziegler Erden steht f\u00fcr Nachhaltigkeit, Teamwork und Qualit\u00e4t. Erfahren Sie mehr \u00fcber unsere Philosophie, wof\u00fcr wir stehen und woran wir glauben.\" \/>\n<meta property=\"og:url\" content=\"https:\/\/www.ziegler-erden.de\/ueber-uns\/philosophie\/\" \/>\n<meta property=\"og:site_name\" content=\"Ziegler-Erden\" \/>\n<meta property=\"article:modified_time\" content=\"2026-02-19T11:55:10+00:00\" \/>\n<meta property=\"og:image\" content=\"http:\/\/www.ziegler-erden.de\/wp-content\/uploads\/2016\/09\/zieglererden_share_1200x630.jpg\" \/>\n<meta name=\"twitter:card\" content=\"summary\" \/>\n<script type=\"application\/ld+json\" class=\"yoast-schema-graph\">{\"@context\":\"https:\/\/schema.org\",\"@graph\":[{\"@type\":\"WebSite\",\"@id\":\"https:\/\/www.ziegler-erden.de\/#website\",\"url\":\"https:\/\/www.ziegler-erden.de\/\",\"name\":\"Ziegler-Erden\",\"description\":\"Blumenerde, D\\u00fcnger und Brennstoffe.\",\"potentialAction\":[{\"@type\":\"SearchAction\",\"target\":\"https:\/\/www.ziegler-erden.de\/?s={search_term_string}\",\"query-input\":\"required name=search_term_string\"}],\"inLanguage\":\"it-IT\"},{\"@type\":\"WebPage\",\"@id\":\"https:\/\/www.ziegler-erden.de\/ueber-uns\/philosophie\/#webpage\",\"url\":\"https:\/\/www.ziegler-erden.de\/ueber-uns\/philosophie\/\",\"name\":\"[:de]Ziegler Erden - Unsere Philosophie[:en]Ziegler Erden - Our Philosophy[:it]Ziegler Erden - Filosofia[:]\",\"isPartOf\":{\"@id\":\"https:\/\/www.ziegler-erden.de\/#website\"},\"datePublished\":\"2016-08-09T09:00:33+00:00\",\"dateModified\":\"2026-02-19T11:55:10+00:00\",\"description\":\"[:de]Ziegler Erden steht f\\u00fcr Nachhaltigkeit, Teamwork und Qualit\\u00e4t. Erfahren Sie mehr \\u00fcber unsere Philosophie, wof\\u00fcr wir stehen und woran wir glauben.[:en]Ziegler Erden philosophy: Natural, sustainable, innovative.[:]\",\"inLanguage\":\"it-IT\",\"potentialAction\":[{\"@type\":\"ReadAction\",\"target\":[\"https:\/\/www.ziegler-erden.de\/ueber-uns\/philosophie\/\"]}]}]}<\/script>\n<!-- \/ Yoast SEO plugin. -->","_links":{"self":[{"href":"https:\/\/www.ziegler-erden.de\/it\/wp-json\/wp\/v2\/pages\/33"}],"collection":[{"href":"https:\/\/www.ziegler-erden.de\/it\/wp-json\/wp\/v2\/pages"}],"about":[{"href":"https:\/\/www.ziegler-erden.de\/it\/wp-json\/wp\/v2\/types\/page"}],"author":[{"embeddable":true,"href":"https:\/\/www.ziegler-erden.de\/it\/wp-json\/wp\/v2\/users\/2"}],"replies":[{"embeddable":true,"href":"https:\/\/www.ziegler-erden.de\/it\/wp-json\/wp\/v2\/comments?post=33"}],"version-history":[{"count":51,"href":"https:\/\/www.ziegler-erden.de\/it\/wp-json\/wp\/v2\/pages\/33\/revisions"}],"predecessor-version":[{"id":7342,"href":"https:\/\/www.ziegler-erden.de\/it\/wp-json\/wp\/v2\/pages\/33\/revisions\/7342"}],"up":[{"embeddable":true,"href":"https:\/\/www.ziegler-erden.de\/it\/wp-json\/wp\/v2\/pages\/26"}],"wp:attachment":[{"href":"https:\/\/www.ziegler-erden.de\/it\/wp-json\/wp\/v2\/media?parent=33"}],"curies":[{"name":"wp","href":"https:\/\/api.w.org\/{rel}","templated":true}]}}