{"id":43,"date":"2016-08-09T11:02:37","date_gmt":"2016-08-09T09:02:37","guid":{"rendered":"http:\/\/localhost\/ziegler_erden\/zieglererden_relaunch_2016\/wp\/?page_id=43"},"modified":"2024-11-07T14:24:33","modified_gmt":"2024-11-07T13:24:33","slug":"kontakt","status":"publish","type":"page","link":"https:\/\/www.ziegler-erden.de\/it\/kontakt\/","title":{"rendered":"Contatti"},"content":{"rendered":"","protected":false},"excerpt":{"rendered":"","protected":false},"author":2,"featured_media":0,"parent":0,"menu_order":5,"comment_status":"closed","ping_status":"closed","template":"page-contact.php","meta":[],"yoast_head":"<!-- This site is optimized with the Yoast SEO plugin v15.6.2 - https:\/\/yoast.com\/wordpress\/plugins\/seo\/ -->\n<meta name=\"description\" content=\"(DE) Anschrift, Ansprechpartner und \u00d6ffnungszeiten im \u00dcberblick. Gregor Ziegler GmbH - Stein 33 - 95703 Pl\u00f6\u00dfberg - Deutschland.\" \/>\n<meta name=\"robots\" content=\"index, follow, max-snippet:-1, max-image-preview:large, max-video-preview:-1\" \/>\n<link rel=\"canonical\" href=\"https:\/\/www.ziegler-erden.de\/kontakt\/\" \/>\n<meta property=\"og:locale\" content=\"it_IT\" \/>\n<meta property=\"og:type\" content=\"article\" \/>\n<meta property=\"og:title\" content=\"Ziegler Erden - Contatti\" \/>\n<meta property=\"og:description\" content=\"(DE) Anschrift, Ansprechpartner und \u00d6ffnungszeiten im \u00dcberblick. Gregor Ziegler GmbH - Stein 33 - 95703 Pl\u00f6\u00dfberg - Deutschland.\" \/>\n<meta property=\"og:url\" content=\"https:\/\/www.ziegler-erden.de\/kontakt\/\" \/>\n<meta property=\"og:site_name\" content=\"Ziegler-Erden\" \/>\n<meta property=\"article:modified_time\" content=\"2024-11-07T13:24:33+00:00\" \/>\n<meta name=\"twitter:card\" content=\"summary\" \/>\n<script type=\"application\/ld+json\" class=\"yoast-schema-graph\">{\"@context\":\"https:\/\/schema.org\",\"@graph\":[{\"@type\":\"WebSite\",\"@id\":\"https:\/\/www.ziegler-erden.de\/#website\",\"url\":\"https:\/\/www.ziegler-erden.de\/\",\"name\":\"Ziegler-Erden\",\"description\":\"Blumenerde, D\\u00fcnger und Brennstoffe.\",\"potentialAction\":[{\"@type\":\"SearchAction\",\"target\":\"https:\/\/www.ziegler-erden.de\/?s={search_term_string}\",\"query-input\":\"required name=search_term_string\"}],\"inLanguage\":\"it-IT\"},{\"@type\":\"WebPage\",\"@id\":\"https:\/\/www.ziegler-erden.de\/kontakt\/#webpage\",\"url\":\"https:\/\/www.ziegler-erden.de\/kontakt\/\",\"name\":\"[:de]Ziegler Erden - Anschrift, Ansprechpartner und \\u00d6ffnungszeiten[:en]Ziegler Erden - Contact and opening hours[:it]Ziegler Erden - Contatti[:]\",\"isPartOf\":{\"@id\":\"https:\/\/www.ziegler-erden.de\/#website\"},\"datePublished\":\"2016-08-09T09:02:37+00:00\",\"dateModified\":\"2024-11-07T13:24:33+00:00\",\"description\":\"{:de}Anschrift, Ansprechpartner und \\u00d6ffnungszeiten im \\u00dcberblick. Gregor Ziegler GmbH - Stein 33 - 95703 Pl\\u00f6\\u00dfberg - Deutschland. {:}\",\"inLanguage\":\"it-IT\",\"potentialAction\":[{\"@type\":\"ReadAction\",\"target\":[\"https:\/\/www.ziegler-erden.de\/kontakt\/\"]}]}]}<\/script>\n<!-- \/ Yoast SEO plugin. -->","_links":{"self":[{"href":"https:\/\/www.ziegler-erden.de\/it\/wp-json\/wp\/v2\/pages\/43"}],"collection":[{"href":"https:\/\/www.ziegler-erden.de\/it\/wp-json\/wp\/v2\/pages"}],"about":[{"href":"https:\/\/www.ziegler-erden.de\/it\/wp-json\/wp\/v2\/types\/page"}],"author":[{"embeddable":true,"href":"https:\/\/www.ziegler-erden.de\/it\/wp-json\/wp\/v2\/users\/2"}],"replies":[{"embeddable":true,"href":"https:\/\/www.ziegler-erden.de\/it\/wp-json\/wp\/v2\/comments?post=43"}],"version-history":[{"count":67,"href":"https:\/\/www.ziegler-erden.de\/it\/wp-json\/wp\/v2\/pages\/43\/revisions"}],"predecessor-version":[{"id":6933,"href":"https:\/\/www.ziegler-erden.de\/it\/wp-json\/wp\/v2\/pages\/43\/revisions\/6933"}],"wp:attachment":[{"href":"https:\/\/www.ziegler-erden.de\/it\/wp-json\/wp\/v2\/media?parent=43"}],"curies":[{"name":"wp","href":"https:\/\/api.w.org\/{rel}","templated":true}]}}